{"id":46,"date":"2024-12-13T16:23:48","date_gmt":"2024-12-13T15:23:48","guid":{"rendered":"https:\/\/paumier-surzur.notaires.fr\/?page_id=46"},"modified":"2025-09-11T18:07:28","modified_gmt":"2025-09-11T16:07:28","slug":"contact","status":"publish","type":"page","link":"https:\/\/paumier-surzur.notaires.fr\/index.php\/contact\/","title":{"rendered":"Contact"},"content":{"rendered":"\t\t<div data-elementor-type=\"wp-page\" data-elementor-id=\"46\" class=\"elementor elementor-46\" data-elementor-post-type=\"page\">\n\t\t\t\t<div class=\"elementor-element elementor-element-4e37074 e-flex e-con-boxed e-con e-parent\" data-id=\"4e37074\" data-element_type=\"container\">\n\t\t\t\t\t<div class=\"e-con-inner\">\n\t\t\t\t<div class=\"elementor-element elementor-element-aee76f7 elementor-widget elementor-widget-spacer\" data-id=\"aee76f7\" data-element_type=\"widget\" data-widget_type=\"spacer.default\">\n\t\t\t\t\t\t\t<div class=\"elementor-spacer\">\n\t\t\t<div class=\"elementor-spacer-inner\"><\/div>\n\t\t<\/div>\n\t\t\t\t\t\t<\/div>\n\t\t\t\t\t<\/div>\n\t\t\t\t<\/div>\n\t\t<div class=\"elementor-element elementor-element-fac0763 e-con-full e-flex e-con e-parent\" data-id=\"fac0763\" data-element_type=\"container\" data-settings=\"{&quot;background_background&quot;:&quot;classic&quot;}\">\n\t\t<div class=\"elementor-element elementor-element-29325b0 e-con-full e-flex e-con e-child\" data-id=\"29325b0\" data-element_type=\"container\">\n\t\t<div class=\"elementor-element elementor-element-2afe4fb e-con-full e-flex e-con e-child\" data-id=\"2afe4fb\" data-element_type=\"container\">\n\t\t\t\t<\/div>\n\t\t\t\t<\/div>\n\t\t<div class=\"elementor-element elementor-element-d1d4720 e-flex e-con-boxed e-con e-child\" data-id=\"d1d4720\" data-element_type=\"container\">\n\t\t\t\t\t<div class=\"e-con-inner\">\n\t\t<div class=\"elementor-element elementor-element-a31ce25 e-con-full e-flex e-con e-child\" data-id=\"a31ce25\" data-element_type=\"container\" data-settings=\"{&quot;background_background&quot;:&quot;classic&quot;}\">\n\t\t\t\t<div class=\"elementor-element elementor-element-13503301 elementor-widget elementor-widget-heading\" data-id=\"13503301\" data-element_type=\"widget\" data-widget_type=\"heading.default\">\n\t\t\t\t\t<h1 class=\"elementor-heading-title elementor-size-default\">\u00c9crivez-nous<\/h1>\t\t\t\t<\/div>\n\t\t\t\t<div class=\"elementor-element elementor-element-4ced7786 elementor-widget elementor-widget-text-editor\" data-id=\"4ced7786\" data-element_type=\"widget\" data-widget_type=\"text-editor.default\">\n\t\t\t\t\t\t\t\t\tPour toute demande d\u2019information, n\u2019h\u00e9sitez pas \u00e0 nous contacter nous vous r\u00e9pondrons dans les plus brefs d\u00e9lais.\t\t\t\t\t\t\t\t<\/div>\n\t\t\t\t<div class=\"elementor-element elementor-element-376d3559 elementor-button-align-center elementor-widget elementor-widget-form\" data-id=\"376d3559\" data-element_type=\"widget\" data-settings=\"{&quot;step_next_label&quot;:&quot;Suivant&quot;,&quot;step_previous_label&quot;:&quot;Pr\\u00e9c\\u00e9dent&quot;,&quot;button_width&quot;:&quot;100&quot;,&quot;step_type&quot;:&quot;number_text&quot;,&quot;step_icon_shape&quot;:&quot;circle&quot;}\" data-widget_type=\"form.default\">\n\t\t\t\t\t\t\t<form class=\"elementor-form\" method=\"post\" name=\"Contact Form\" aria-label=\"Contact Form\">\n\t\t\t<input type=\"hidden\" name=\"post_id\" value=\"46\"\/>\n\t\t\t<input type=\"hidden\" name=\"form_id\" value=\"376d3559\"\/>\n\t\t\t<input type=\"hidden\" name=\"referer_title\" value=\"Contact - paumier-surzur.notaires.fr\" \/>\n\n\t\t\t\t\t\t\t<input type=\"hidden\" name=\"queried_id\" value=\"46\"\/>\n\t\t\t\n\t\t\t<div class=\"elementor-form-fields-wrapper elementor-labels-\">\n\t\t\t\t\t\t\t\t<div class=\"elementor-field-type-text elementor-field-group elementor-column elementor-field-group-name elementor-col-50\">\n\t\t\t\t\t\t\t\t\t\t\t\t<label for=\"form-field-name\" class=\"elementor-field-label elementor-screen-only\">\n\t\t\t\t\t\t\t\tNom\t\t\t\t\t\t\t<\/label>\n\t\t\t\t\t\t\t\t\t\t\t\t\t\t<input size=\"1\" type=\"text\" name=\"form_fields[name]\" id=\"form-field-name\" class=\"elementor-field elementor-size-sm  elementor-field-textual\" placeholder=\"Nom\">\n\t\t\t\t\t\t\t\t\t\t\t<\/div>\n\t\t\t\t\t\t\t\t<div class=\"elementor-field-type-email elementor-field-group elementor-column elementor-field-group-email elementor-col-50 elementor-field-required\">\n\t\t\t\t\t\t\t\t\t\t\t\t<label for=\"form-field-email\" class=\"elementor-field-label elementor-screen-only\">\n\t\t\t\t\t\t\t\tEmail\t\t\t\t\t\t\t<\/label>\n\t\t\t\t\t\t\t\t\t\t\t\t\t\t<input size=\"1\" type=\"email\" name=\"form_fields[email]\" id=\"form-field-email\" class=\"elementor-field elementor-size-sm  elementor-field-textual\" placeholder=\"Votre mail\" required=\"required\">\n\t\t\t\t\t\t\t\t\t\t\t<\/div>\n\t\t\t\t\t\t\t\t<div class=\"elementor-field-type-tel elementor-field-group elementor-column elementor-field-group-field_6c180a9 elementor-col-50 elementor-field-required\">\n\t\t\t\t\t\t\t\t\t\t\t\t<label for=\"form-field-field_6c180a9\" class=\"elementor-field-label elementor-screen-only\">\n\t\t\t\t\t\t\t\tT\u00e9l\t\t\t\t\t\t\t<\/label>\n\t\t\t\t\t\t\t\t<input size=\"1\" type=\"tel\" name=\"form_fields[field_6c180a9]\" id=\"form-field-field_6c180a9\" class=\"elementor-field elementor-size-sm  elementor-field-textual\" placeholder=\"Votre t\u00e9l\u00e9phone\" required=\"required\" pattern=\"[0-9()#&amp;+*-=.]+\" title=\"Seuls les caract\u00e8res de num\u00e9ros de t\u00e9l\u00e9phone (#, -, *, etc.) sont accept\u00e9s.\">\n\n\t\t\t\t\t\t<\/div>\n\t\t\t\t\t\t\t\t<div class=\"elementor-field-type-text elementor-field-group elementor-column elementor-field-group-field_b743cd7 elementor-col-50 elementor-field-required\">\n\t\t\t\t\t\t\t\t\t\t\t\t<label for=\"form-field-field_b743cd7\" class=\"elementor-field-label elementor-screen-only\">\n\t\t\t\t\t\t\t\tType de service\t\t\t\t\t\t\t<\/label>\n\t\t\t\t\t\t\t\t\t\t\t\t\t\t<input size=\"1\" type=\"text\" name=\"form_fields[field_b743cd7]\" id=\"form-field-field_b743cd7\" class=\"elementor-field elementor-size-sm  elementor-field-textual\" placeholder=\"Type de service\" required=\"required\">\n\t\t\t\t\t\t\t\t\t\t\t<\/div>\n\t\t\t\t\t\t\t\t<div class=\"elementor-field-type-textarea elementor-field-group elementor-column elementor-field-group-message elementor-col-100\">\n\t\t\t\t\t\t\t\t\t\t\t\t<label for=\"form-field-message\" class=\"elementor-field-label elementor-screen-only\">\n\t\t\t\t\t\t\t\tMessage\t\t\t\t\t\t\t<\/label>\n\t\t\t\t\t\t<textarea class=\"elementor-field-textual elementor-field  elementor-size-sm\" name=\"form_fields[message]\" id=\"form-field-message\" rows=\"4\" placeholder=\"Votre message\"><\/textarea>\t\t\t\t<\/div>\n\t\t\t\t\t\t\t\t<div class=\"elementor-field-group elementor-column elementor-field-type-submit elementor-col-100 e-form__buttons\">\n\t\t\t\t\t<button class=\"elementor-button elementor-size-sm\" type=\"submit\">\n\t\t\t\t\t\t<span class=\"elementor-button-content-wrapper\">\n\t\t\t\t\t\t\t\t\t\t\t\t\t\t\t\t\t\t\t\t\t\t<span class=\"elementor-button-text\">Envoyez<\/span>\n\t\t\t\t\t\t\t\t\t\t\t\t\t<\/span>\n\t\t\t\t\t<\/button>\n\t\t\t\t<\/div>\n\t\t\t<\/div>\n\t\t<\/form>\n\t\t\t\t\t\t<\/div>\n\t\t\t\t<\/div>\n\t\t\t\t\t<\/div>\n\t\t\t\t<\/div>\n\t\t<div class=\"elementor-element elementor-element-b736a49 e-con-full e-flex e-con e-child\" data-id=\"b736a49\" data-element_type=\"container\">\n\t\t<div class=\"elementor-element elementor-element-93af08b e-con-full e-flex e-con e-child\" data-id=\"93af08b\" data-element_type=\"container\">\n\t\t\t\t<\/div>\n\t\t\t\t<\/div>\n\t\t\t\t<\/div>\n\t\t\t\t<\/div>\n\t\t","protected":false},"excerpt":{"rendered":"<p>\u00c9crivez-nous Pour toute demande d\u2019information, n\u2019h\u00e9sitez pas \u00e0 nous contacter nous vous r\u00e9pondrons dans les plus brefs d\u00e9lais.<\/p>\n","protected":false},"author":1,"featured_media":0,"parent":0,"menu_order":0,"comment_status":"closed","ping_status":"closed","template":"","meta":{"footnotes":""},"class_list":["post-46","page","type-page","status-publish","hentry"],"yoast_head":"<!-- This site is optimized with the Yoast SEO plugin v26.4 - https:\/\/yoast.com\/wordpress\/plugins\/seo\/ -->\n<title>Contact - paumier-surzur.notaires.fr<\/title>\n<meta name=\"robots\" content=\"index, follow, max-snippet:-1, max-image-preview:large, max-video-preview:-1\" \/>\n<link rel=\"canonical\" href=\"https:\/\/paumier-surzur.notaires.fr\/index.php\/contact\/\" \/>\n<meta property=\"og:locale\" content=\"fr_FR\" \/>\n<meta property=\"og:type\" content=\"article\" \/>\n<meta property=\"og:title\" content=\"Contact - paumier-surzur.notaires.fr\" \/>\n<meta property=\"og:description\" content=\"\u00c9crivez-nous Pour toute demande d\u2019information, n\u2019h\u00e9sitez pas \u00e0 nous contacter nous vous r\u00e9pondrons dans les plus brefs d\u00e9lais.\" \/>\n<meta property=\"og:url\" content=\"https:\/\/paumier-surzur.notaires.fr\/index.php\/contact\/\" \/>\n<meta property=\"og:site_name\" content=\"paumier-surzur.notaires.fr\" \/>\n<meta property=\"article:modified_time\" content=\"2025-09-11T16:07:28+00:00\" \/>\n<meta name=\"twitter:card\" content=\"summary_large_image\" \/>\n<meta name=\"twitter:label1\" content=\"Dur\u00e9e de lecture estim\u00e9e\" \/>\n\t<meta name=\"twitter:data1\" content=\"1 minute\" \/>\n<script type=\"application\/ld+json\" class=\"yoast-schema-graph\">{\"@context\":\"https:\/\/schema.org\",\"@graph\":[{\"@type\":\"WebPage\",\"@id\":\"https:\/\/paumier-surzur.notaires.fr\/index.php\/contact\/\",\"url\":\"https:\/\/paumier-surzur.notaires.fr\/index.php\/contact\/\",\"name\":\"Contact - paumier-surzur.notaires.fr\",\"isPartOf\":{\"@id\":\"https:\/\/paumier-surzur.notaires.fr\/#website\"},\"datePublished\":\"2024-12-13T15:23:48+00:00\",\"dateModified\":\"2025-09-11T16:07:28+00:00\",\"breadcrumb\":{\"@id\":\"https:\/\/paumier-surzur.notaires.fr\/index.php\/contact\/#breadcrumb\"},\"inLanguage\":\"fr-FR\",\"potentialAction\":[{\"@type\":\"ReadAction\",\"target\":[\"https:\/\/paumier-surzur.notaires.fr\/index.php\/contact\/\"]}]},{\"@type\":\"BreadcrumbList\",\"@id\":\"https:\/\/paumier-surzur.notaires.fr\/index.php\/contact\/#breadcrumb\",\"itemListElement\":[{\"@type\":\"ListItem\",\"position\":1,\"name\":\"Accueil\",\"item\":\"https:\/\/paumier-surzur.notaires.fr\/\"},{\"@type\":\"ListItem\",\"position\":2,\"name\":\"Contact\"}]},{\"@type\":\"WebSite\",\"@id\":\"https:\/\/paumier-surzur.notaires.fr\/#website\",\"url\":\"https:\/\/paumier-surzur.notaires.fr\/\",\"name\":\"paumier-surzur.notaires.fr\",\"description\":\"Le conseil et l&#039;humain au coeur de notre m\u00e9tier\",\"publisher\":{\"@id\":\"https:\/\/paumier-surzur.notaires.fr\/#organization\"},\"potentialAction\":[{\"@type\":\"SearchAction\",\"target\":{\"@type\":\"EntryPoint\",\"urlTemplate\":\"https:\/\/paumier-surzur.notaires.fr\/?s={search_term_string}\"},\"query-input\":{\"@type\":\"PropertyValueSpecification\",\"valueRequired\":true,\"valueName\":\"search_term_string\"}}],\"inLanguage\":\"fr-FR\"},{\"@type\":\"Organization\",\"@id\":\"https:\/\/paumier-surzur.notaires.fr\/#organization\",\"name\":\"paumier-surzur.notaires.fr\",\"url\":\"https:\/\/paumier-surzur.notaires.fr\/\",\"logo\":{\"@type\":\"ImageObject\",\"inLanguage\":\"fr-FR\",\"@id\":\"https:\/\/paumier-surzur.notaires.fr\/#\/schema\/logo\/image\/\",\"url\":\"https:\/\/paumier-surzur.notaires.fr\/wp-content\/uploads\/2024\/12\/Notaires-blanc-750X750.png\",\"contentUrl\":\"https:\/\/paumier-surzur.notaires.fr\/wp-content\/uploads\/2024\/12\/Notaires-blanc-750X750.png\",\"width\":760,\"height\":760,\"caption\":\"paumier-surzur.notaires.fr\"},\"image\":{\"@id\":\"https:\/\/paumier-surzur.notaires.fr\/#\/schema\/logo\/image\/\"}}]}<\/script>\n<!-- \/ Yoast SEO plugin. -->","yoast_head_json":{"title":"Contact - paumier-surzur.notaires.fr","robots":{"index":"index","follow":"follow","max-snippet":"max-snippet:-1","max-image-preview":"max-image-preview:large","max-video-preview":"max-video-preview:-1"},"canonical":"https:\/\/paumier-surzur.notaires.fr\/index.php\/contact\/","og_locale":"fr_FR","og_type":"article","og_title":"Contact - paumier-surzur.notaires.fr","og_description":"\u00c9crivez-nous Pour toute demande d\u2019information, n\u2019h\u00e9sitez pas \u00e0 nous contacter nous vous r\u00e9pondrons dans les plus brefs d\u00e9lais.","og_url":"https:\/\/paumier-surzur.notaires.fr\/index.php\/contact\/","og_site_name":"paumier-surzur.notaires.fr","article_modified_time":"2025-09-11T16:07:28+00:00","twitter_card":"summary_large_image","twitter_misc":{"Dur\u00e9e de lecture estim\u00e9e":"1 minute"},"schema":{"@context":"https:\/\/schema.org","@graph":[{"@type":"WebPage","@id":"https:\/\/paumier-surzur.notaires.fr\/index.php\/contact\/","url":"https:\/\/paumier-surzur.notaires.fr\/index.php\/contact\/","name":"Contact - paumier-surzur.notaires.fr","isPartOf":{"@id":"https:\/\/paumier-surzur.notaires.fr\/#website"},"datePublished":"2024-12-13T15:23:48+00:00","dateModified":"2025-09-11T16:07:28+00:00","breadcrumb":{"@id":"https:\/\/paumier-surzur.notaires.fr\/index.php\/contact\/#breadcrumb"},"inLanguage":"fr-FR","potentialAction":[{"@type":"ReadAction","target":["https:\/\/paumier-surzur.notaires.fr\/index.php\/contact\/"]}]},{"@type":"BreadcrumbList","@id":"https:\/\/paumier-surzur.notaires.fr\/index.php\/contact\/#breadcrumb","itemListElement":[{"@type":"ListItem","position":1,"name":"Accueil","item":"https:\/\/paumier-surzur.notaires.fr\/"},{"@type":"ListItem","position":2,"name":"Contact"}]},{"@type":"WebSite","@id":"https:\/\/paumier-surzur.notaires.fr\/#website","url":"https:\/\/paumier-surzur.notaires.fr\/","name":"paumier-surzur.notaires.fr","description":"Le conseil et l&#039;humain au coeur de notre m\u00e9tier","publisher":{"@id":"https:\/\/paumier-surzur.notaires.fr\/#organization"},"potentialAction":[{"@type":"SearchAction","target":{"@type":"EntryPoint","urlTemplate":"https:\/\/paumier-surzur.notaires.fr\/?s={search_term_string}"},"query-input":{"@type":"PropertyValueSpecification","valueRequired":true,"valueName":"search_term_string"}}],"inLanguage":"fr-FR"},{"@type":"Organization","@id":"https:\/\/paumier-surzur.notaires.fr\/#organization","name":"paumier-surzur.notaires.fr","url":"https:\/\/paumier-surzur.notaires.fr\/","logo":{"@type":"ImageObject","inLanguage":"fr-FR","@id":"https:\/\/paumier-surzur.notaires.fr\/#\/schema\/logo\/image\/","url":"https:\/\/paumier-surzur.notaires.fr\/wp-content\/uploads\/2024\/12\/Notaires-blanc-750X750.png","contentUrl":"https:\/\/paumier-surzur.notaires.fr\/wp-content\/uploads\/2024\/12\/Notaires-blanc-750X750.png","width":760,"height":760,"caption":"paumier-surzur.notaires.fr"},"image":{"@id":"https:\/\/paumier-surzur.notaires.fr\/#\/schema\/logo\/image\/"}}]}},"_links":{"self":[{"href":"https:\/\/paumier-surzur.notaires.fr\/index.php\/wp-json\/wp\/v2\/pages\/46","targetHints":{"allow":["GET"]}}],"collection":[{"href":"https:\/\/paumier-surzur.notaires.fr\/index.php\/wp-json\/wp\/v2\/pages"}],"about":[{"href":"https:\/\/paumier-surzur.notaires.fr\/index.php\/wp-json\/wp\/v2\/types\/page"}],"author":[{"embeddable":true,"href":"https:\/\/paumier-surzur.notaires.fr\/index.php\/wp-json\/wp\/v2\/users\/1"}],"replies":[{"embeddable":true,"href":"https:\/\/paumier-surzur.notaires.fr\/index.php\/wp-json\/wp\/v2\/comments?post=46"}],"version-history":[{"count":28,"href":"https:\/\/paumier-surzur.notaires.fr\/index.php\/wp-json\/wp\/v2\/pages\/46\/revisions"}],"predecessor-version":[{"id":2805,"href":"https:\/\/paumier-surzur.notaires.fr\/index.php\/wp-json\/wp\/v2\/pages\/46\/revisions\/2805"}],"wp:attachment":[{"href":"https:\/\/paumier-surzur.notaires.fr\/index.php\/wp-json\/wp\/v2\/media?parent=46"}],"curies":[{"name":"wp","href":"https:\/\/api.w.org\/{rel}","templated":true}]}}